{"id":5053,"date":"2026-03-03T17:11:42","date_gmt":"2026-03-03T17:11:42","guid":{"rendered":"https:\/\/bayo.it\/grazie-per-la-tua-richiesta\/"},"modified":"2026-03-12T17:20:59","modified_gmt":"2026-03-12T17:20:59","slug":"grazie-per-la-tua-richiesta","status":"publish","type":"page","link":"https:\/\/bayo.it\/fr\/grazie-per-la-tua-richiesta\/","title":{"rendered":"Merci"},"content":{"rendered":"\t\t<div data-elementor-type=\"wp-page\" data-elementor-id=\"5053\" class=\"elementor elementor-5053 elementor-3917\" data-elementor-post-type=\"page\">\n\t\t\t\t<div class=\"elementor-element elementor-element-d8b2737 e-flex e-con-boxed e-con e-parent\" data-id=\"d8b2737\" data-element_type=\"container\" data-e-type=\"container\">\n\t\t\t\t\t<div class=\"e-con-inner\">\n\t\t<div class=\"elementor-element elementor-element-686f307 e-con-full banner e-flex e-con e-child\" data-id=\"686f307\" data-element_type=\"container\" data-e-type=\"container\" data-settings=\"{&quot;background_background&quot;:&quot;classic&quot;}\">\n\t\t\t\t<div class=\"elementor-element elementor-element-5a5a748 elementor-widget elementor-widget-image\" data-id=\"5a5a748\" data-element_type=\"widget\" data-e-type=\"widget\" data-widget_type=\"image.default\">\n\t\t\t\t\t\t\t\t\t\t\t\t\t\t\t<img fetchpriority=\"high\" decoding=\"async\" width=\"426\" height=\"173\" src=\"https:\/\/bayo.it\/wp-content\/uploads\/2025\/08\/316da1962a2ff2fbd64279ffaaaf99f3.png\" class=\"attachment-full size-full wp-image-4318\" alt=\"logo-bayo-transparent-small\" srcset=\"https:\/\/bayo.it\/wp-content\/uploads\/2025\/08\/316da1962a2ff2fbd64279ffaaaf99f3.png 426w, https:\/\/bayo.it\/wp-content\/uploads\/2025\/08\/316da1962a2ff2fbd64279ffaaaf99f3-300x122.png 300w\" sizes=\"(max-width: 426px) 100vw, 426px\" \/>\t\t\t\t\t\t\t\t\t\t\t\t\t\t\t<\/div>\n\t\t\t\t<div class=\"elementor-element elementor-element-b0d79a5 scheda1-titolo elementor-widget elementor-widget-heading\" data-id=\"b0d79a5\" data-element_type=\"widget\" data-e-type=\"widget\" data-widget_type=\"heading.default\">\n\t\t\t\t\t<h1 class=\"elementor-heading-title elementor-size-default\">Merci pour votre demande !<\/h1>\t\t\t\t<\/div>\n\t\t\t\t<\/div>\n\t\t\t\t\t<\/div>\n\t\t\t\t<\/div>\n\t\t<div class=\"elementor-element elementor-element-5d57837 e-flex e-con-boxed e-con e-child\" data-id=\"5d57837\" data-element_type=\"container\" data-e-type=\"container\">\n\t\t\t\t\t<div class=\"e-con-inner\">\n\t\t<div class=\"elementor-element elementor-element-94ee80d e-con-full e-flex e-con e-child\" data-id=\"94ee80d\" data-element_type=\"container\" data-e-type=\"container\" data-settings=\"{&quot;background_background&quot;:&quot;classic&quot;}\">\n\t\t\t\t<div class=\"elementor-element elementor-element-efcfa63 elementor-widget elementor-widget-text-editor\" data-id=\"efcfa63\" data-element_type=\"widget\" data-e-type=\"widget\" data-widget_type=\"text-editor.default\">\n\t\t\t\t\t\t\t\t\t<p>Votre demande a \u00e9t\u00e9 re\u00e7ue avec succ\u00e8s et notre \u00e9quipe vous r\u00e9pondra dans les plus brefs d\u00e9lais.<\/p><p>En attendant, si votre demande est urgente ou si vous souhaitez obtenir une r\u00e9ponse imm\u00e9diate, n&rsquo;h\u00e9sitez pas \u00e0 nous contacter directement :<\/p><p>T\u00e9l\u00e9phone : <a href=\"tel:00390396042263\">(+39) 039 6042263<\/a><br>Fax : <a href=\"tel:0039039647918\">(+39) 039 647918<\/a><br>E-mail : <a href=\"mailto:bayo@bayo.it\">bayo@bayo.it<\/a><\/p><p>Vous pouvez \u00e9galement consulter notre <a href=\"https:\/\/bayo.it\/fr\/faqs\/\">page FAQ<\/a> pour d\u00e9couvrir d&rsquo;autres services et informations utiles en attendant notre r\u00e9ponse.<\/p>\t\t\t\t\t\t\t\t<\/div>\n\t\t\t\t<\/div>\n\t\t\t\t\t<\/div>\n\t\t\t\t<\/div>\n\t\t<div class=\"elementor-element elementor-element-bcd0ef2 e-con-full subtitle-container e-flex e-con e-parent\" data-id=\"bcd0ef2\" data-element_type=\"container\" data-e-type=\"container\">\n\t\t<div class=\"elementor-element elementor-element-cfdebbd e-con-full e-flex e-con e-child\" data-id=\"cfdebbd\" data-element_type=\"container\" data-e-type=\"container\">\n\t\t\t\t<div class=\"elementor-element elementor-element-c3d59d5 elementor-widget elementor-widget-image\" data-id=\"c3d59d5\" data-element_type=\"widget\" data-e-type=\"widget\" data-widget_type=\"image.default\">\n\t\t\t\t\t\t\t\t\t\t\t\t\t\t\t<img decoding=\"async\" width=\"1680\" height=\"368\" src=\"https:\/\/bayo.it\/wp-content\/uploads\/2025\/08\/Green-line.svg\" class=\"attachment-full size-full wp-image-4259\" alt=\"green-line-bayo\" \/>\t\t\t\t\t\t\t\t\t\t\t\t\t\t\t<\/div>\n\t\t\t\t<\/div>\n\t\t\t\t<\/div>\n\t\t\t\t<\/div>\n\t\t","protected":false},"excerpt":{"rendered":"<p>Merci pour votre demande ! Votre demande a \u00e9t\u00e9 re\u00e7ue avec succ\u00e8s et notre \u00e9quipe vous r\u00e9pondra dans les plus brefs d\u00e9lais. En attendant, si votre demande est urgente ou si vous souhaitez obtenir une r\u00e9ponse imm\u00e9diate, n&rsquo;h\u00e9sitez pas \u00e0 nous contacter directement : T\u00e9l\u00e9phone : (+39) 039 6042263Fax : (+39) 039 647918E-mail : bayo@bayo.it [&hellip;]<\/p>\n","protected":false},"author":5,"featured_media":0,"parent":0,"menu_order":0,"comment_status":"closed","ping_status":"closed","template":"","meta":{"content-type":"","footnotes":""},"class_list":["post-5053","page","type-page","status-publish","hentry"],"yoast_head":"<!-- This site is optimized with the Yoast SEO plugin v27.4 - https:\/\/yoast.com\/product\/yoast-seo-wordpress\/ -->\n<title>Merci pour votre demande | Bayo<\/title>\n<meta name=\"description\" content=\"Merci ! Votre demande a \u00e9t\u00e9 envoy\u00e9e avec succ\u00e8s. Nous vous contacterons dans les plus brefs d\u00e9lais pour vous fournir toutes les informations.\" \/>\n<meta name=\"robots\" content=\"index, follow, max-snippet:-1, max-image-preview:large, max-video-preview:-1\" \/>\n<link rel=\"canonical\" href=\"https:\/\/bayo.it\/fr\/grazie-per-la-tua-richiesta\/\" \/>\n<meta property=\"og:locale\" content=\"fr_FR\" \/>\n<meta property=\"og:type\" content=\"article\" \/>\n<meta property=\"og:title\" content=\"Merci pour votre demande | Bayo\" \/>\n<meta property=\"og:description\" content=\"Merci ! Votre demande a \u00e9t\u00e9 envoy\u00e9e avec succ\u00e8s. Nous vous contacterons dans les plus brefs d\u00e9lais pour vous fournir toutes les informations.\" \/>\n<meta property=\"og:url\" content=\"https:\/\/bayo.it\/fr\/grazie-per-la-tua-richiesta\/\" \/>\n<meta property=\"og:site_name\" content=\"Bayo\" \/>\n<meta property=\"article:modified_time\" content=\"2026-03-12T17:20:59+00:00\" \/>\n<meta property=\"og:image\" content=\"https:\/\/bayo.it\/wp-content\/uploads\/2025\/08\/316da1962a2ff2fbd64279ffaaaf99f3.png\" \/>\n\t<meta property=\"og:image:width\" content=\"426\" \/>\n\t<meta property=\"og:image:height\" content=\"173\" \/>\n\t<meta property=\"og:image:type\" content=\"image\/png\" \/>\n<meta name=\"twitter:card\" content=\"summary_large_image\" \/>\n<script type=\"application\/ld+json\" class=\"yoast-schema-graph\">{\"@context\":\"https:\\\/\\\/schema.org\",\"@graph\":[{\"@type\":\"WebPage\",\"@id\":\"https:\\\/\\\/bayo.it\\\/fr\\\/grazie-per-la-tua-richiesta\\\/\",\"url\":\"https:\\\/\\\/bayo.it\\\/fr\\\/grazie-per-la-tua-richiesta\\\/\",\"name\":\"Merci pour votre demande | Bayo\",\"isPartOf\":{\"@id\":\"https:\\\/\\\/bayo.it\\\/#website\"},\"primaryImageOfPage\":{\"@id\":\"https:\\\/\\\/bayo.it\\\/fr\\\/grazie-per-la-tua-richiesta\\\/#primaryimage\"},\"image\":{\"@id\":\"https:\\\/\\\/bayo.it\\\/fr\\\/grazie-per-la-tua-richiesta\\\/#primaryimage\"},\"thumbnailUrl\":\"https:\\\/\\\/bayo.it\\\/wp-content\\\/uploads\\\/2025\\\/08\\\/316da1962a2ff2fbd64279ffaaaf99f3.png\",\"datePublished\":\"2026-03-03T17:11:42+00:00\",\"dateModified\":\"2026-03-12T17:20:59+00:00\",\"description\":\"Merci ! Votre demande a \u00e9t\u00e9 envoy\u00e9e avec succ\u00e8s. Nous vous contacterons dans les plus brefs d\u00e9lais pour vous fournir toutes les informations.\",\"breadcrumb\":{\"@id\":\"https:\\\/\\\/bayo.it\\\/fr\\\/grazie-per-la-tua-richiesta\\\/#breadcrumb\"},\"inLanguage\":\"fr-FR\",\"potentialAction\":[{\"@type\":\"ReadAction\",\"target\":[\"https:\\\/\\\/bayo.it\\\/fr\\\/grazie-per-la-tua-richiesta\\\/\"]}]},{\"@type\":\"ImageObject\",\"inLanguage\":\"fr-FR\",\"@id\":\"https:\\\/\\\/bayo.it\\\/fr\\\/grazie-per-la-tua-richiesta\\\/#primaryimage\",\"url\":\"https:\\\/\\\/bayo.it\\\/wp-content\\\/uploads\\\/2025\\\/08\\\/316da1962a2ff2fbd64279ffaaaf99f3.png\",\"contentUrl\":\"https:\\\/\\\/bayo.it\\\/wp-content\\\/uploads\\\/2025\\\/08\\\/316da1962a2ff2fbd64279ffaaaf99f3.png\"},{\"@type\":\"BreadcrumbList\",\"@id\":\"https:\\\/\\\/bayo.it\\\/fr\\\/grazie-per-la-tua-richiesta\\\/#breadcrumb\",\"itemListElement\":[{\"@type\":\"ListItem\",\"position\":1,\"name\":\"Home\",\"item\":\"https:\\\/\\\/bayo.it\\\/fr\\\/\"},{\"@type\":\"ListItem\",\"position\":2,\"name\":\"Merci\"}]},{\"@type\":\"WebSite\",\"@id\":\"https:\\\/\\\/bayo.it\\\/#website\",\"url\":\"https:\\\/\\\/bayo.it\\\/\",\"name\":\"Bayo\",\"description\":\"\",\"publisher\":{\"@id\":\"https:\\\/\\\/bayo.it\\\/#organization\"},\"potentialAction\":[{\"@type\":\"SearchAction\",\"target\":{\"@type\":\"EntryPoint\",\"urlTemplate\":\"https:\\\/\\\/bayo.it\\\/?s={search_term_string}\"},\"query-input\":{\"@type\":\"PropertyValueSpecification\",\"valueRequired\":true,\"valueName\":\"search_term_string\"}}],\"inLanguage\":\"fr-FR\"},{\"@type\":\"Organization\",\"@id\":\"https:\\\/\\\/bayo.it\\\/#organization\",\"name\":\"Baiocco S.R.L.\",\"url\":\"https:\\\/\\\/bayo.it\\\/\",\"logo\":{\"@type\":\"ImageObject\",\"inLanguage\":\"fr-FR\",\"@id\":\"https:\\\/\\\/bayo.it\\\/#\\\/schema\\\/logo\\\/image\\\/\",\"url\":\"https:\\\/\\\/bayo.it\\\/wp-content\\\/uploads\\\/2026\\\/03\\\/fav-icon-bayo-2026.png\",\"contentUrl\":\"https:\\\/\\\/bayo.it\\\/wp-content\\\/uploads\\\/2026\\\/03\\\/fav-icon-bayo-2026.png\",\"width\":512,\"height\":512,\"caption\":\"Baiocco S.R.L.\"},\"image\":{\"@id\":\"https:\\\/\\\/bayo.it\\\/#\\\/schema\\\/logo\\\/image\\\/\"}}]}<\/script>\n<!-- \/ Yoast SEO plugin. -->","yoast_head_json":{"title":"Merci pour votre demande | Bayo","description":"Merci ! Votre demande a \u00e9t\u00e9 envoy\u00e9e avec succ\u00e8s. Nous vous contacterons dans les plus brefs d\u00e9lais pour vous fournir toutes les informations.","robots":{"index":"index","follow":"follow","max-snippet":"max-snippet:-1","max-image-preview":"max-image-preview:large","max-video-preview":"max-video-preview:-1"},"canonical":"https:\/\/bayo.it\/fr\/grazie-per-la-tua-richiesta\/","og_locale":"fr_FR","og_type":"article","og_title":"Merci pour votre demande | Bayo","og_description":"Merci ! Votre demande a \u00e9t\u00e9 envoy\u00e9e avec succ\u00e8s. Nous vous contacterons dans les plus brefs d\u00e9lais pour vous fournir toutes les informations.","og_url":"https:\/\/bayo.it\/fr\/grazie-per-la-tua-richiesta\/","og_site_name":"Bayo","article_modified_time":"2026-03-12T17:20:59+00:00","og_image":[{"width":426,"height":173,"url":"https:\/\/bayo.it\/wp-content\/uploads\/2025\/08\/316da1962a2ff2fbd64279ffaaaf99f3.png","type":"image\/png"}],"twitter_card":"summary_large_image","schema":{"@context":"https:\/\/schema.org","@graph":[{"@type":"WebPage","@id":"https:\/\/bayo.it\/fr\/grazie-per-la-tua-richiesta\/","url":"https:\/\/bayo.it\/fr\/grazie-per-la-tua-richiesta\/","name":"Merci pour votre demande | Bayo","isPartOf":{"@id":"https:\/\/bayo.it\/#website"},"primaryImageOfPage":{"@id":"https:\/\/bayo.it\/fr\/grazie-per-la-tua-richiesta\/#primaryimage"},"image":{"@id":"https:\/\/bayo.it\/fr\/grazie-per-la-tua-richiesta\/#primaryimage"},"thumbnailUrl":"https:\/\/bayo.it\/wp-content\/uploads\/2025\/08\/316da1962a2ff2fbd64279ffaaaf99f3.png","datePublished":"2026-03-03T17:11:42+00:00","dateModified":"2026-03-12T17:20:59+00:00","description":"Merci ! Votre demande a \u00e9t\u00e9 envoy\u00e9e avec succ\u00e8s. Nous vous contacterons dans les plus brefs d\u00e9lais pour vous fournir toutes les informations.","breadcrumb":{"@id":"https:\/\/bayo.it\/fr\/grazie-per-la-tua-richiesta\/#breadcrumb"},"inLanguage":"fr-FR","potentialAction":[{"@type":"ReadAction","target":["https:\/\/bayo.it\/fr\/grazie-per-la-tua-richiesta\/"]}]},{"@type":"ImageObject","inLanguage":"fr-FR","@id":"https:\/\/bayo.it\/fr\/grazie-per-la-tua-richiesta\/#primaryimage","url":"https:\/\/bayo.it\/wp-content\/uploads\/2025\/08\/316da1962a2ff2fbd64279ffaaaf99f3.png","contentUrl":"https:\/\/bayo.it\/wp-content\/uploads\/2025\/08\/316da1962a2ff2fbd64279ffaaaf99f3.png"},{"@type":"BreadcrumbList","@id":"https:\/\/bayo.it\/fr\/grazie-per-la-tua-richiesta\/#breadcrumb","itemListElement":[{"@type":"ListItem","position":1,"name":"Home","item":"https:\/\/bayo.it\/fr\/"},{"@type":"ListItem","position":2,"name":"Merci"}]},{"@type":"WebSite","@id":"https:\/\/bayo.it\/#website","url":"https:\/\/bayo.it\/","name":"Bayo","description":"","publisher":{"@id":"https:\/\/bayo.it\/#organization"},"potentialAction":[{"@type":"SearchAction","target":{"@type":"EntryPoint","urlTemplate":"https:\/\/bayo.it\/?s={search_term_string}"},"query-input":{"@type":"PropertyValueSpecification","valueRequired":true,"valueName":"search_term_string"}}],"inLanguage":"fr-FR"},{"@type":"Organization","@id":"https:\/\/bayo.it\/#organization","name":"Baiocco S.R.L.","url":"https:\/\/bayo.it\/","logo":{"@type":"ImageObject","inLanguage":"fr-FR","@id":"https:\/\/bayo.it\/#\/schema\/logo\/image\/","url":"https:\/\/bayo.it\/wp-content\/uploads\/2026\/03\/fav-icon-bayo-2026.png","contentUrl":"https:\/\/bayo.it\/wp-content\/uploads\/2026\/03\/fav-icon-bayo-2026.png","width":512,"height":512,"caption":"Baiocco S.R.L."},"image":{"@id":"https:\/\/bayo.it\/#\/schema\/logo\/image\/"}}]}},"_links":{"self":[{"href":"https:\/\/bayo.it\/fr\/wp-json\/wp\/v2\/pages\/5053","targetHints":{"allow":["GET"]}}],"collection":[{"href":"https:\/\/bayo.it\/fr\/wp-json\/wp\/v2\/pages"}],"about":[{"href":"https:\/\/bayo.it\/fr\/wp-json\/wp\/v2\/types\/page"}],"author":[{"embeddable":true,"href":"https:\/\/bayo.it\/fr\/wp-json\/wp\/v2\/users\/5"}],"replies":[{"embeddable":true,"href":"https:\/\/bayo.it\/fr\/wp-json\/wp\/v2\/comments?post=5053"}],"version-history":[{"count":2,"href":"https:\/\/bayo.it\/fr\/wp-json\/wp\/v2\/pages\/5053\/revisions"}],"predecessor-version":[{"id":5104,"href":"https:\/\/bayo.it\/fr\/wp-json\/wp\/v2\/pages\/5053\/revisions\/5104"}],"wp:attachment":[{"href":"https:\/\/bayo.it\/fr\/wp-json\/wp\/v2\/media?parent=5053"}],"curies":[{"name":"wp","href":"https:\/\/api.w.org\/{rel}","templated":true}]}}